{"id":1077,"date":"2021-05-21T02:48:46","date_gmt":"2021-05-21T06:48:46","guid":{"rendered":"https:\/\/flexstor.mywebpreview.ca\/?page_id=1077"},"modified":"2021-07-09T07:26:33","modified_gmt":"2021-07-09T11:26:33","slug":"solicitar-cotizacion","status":"publish","type":"page","link":"https:\/\/flexstorinc.com\/sp\/solicitar-cotizacion\/","title":{"rendered":"Solicitar Cotizaci\u00f3n"},"content":{"rendered":"<h2><strong>Tenga en cuenta:<\/strong><\/h2>\n<p>Flex Essentials Inc. puede aceptar citas solamente en Ingl\u00e9s en este momento. Pedimos disculpas por cualquier inconveniente que esto pueda causar. Por favor, visite FlexStor.ca y llene una solicitud de cotizaci\u00f3n seg\u00fan sus necesidades.<\/p>\n<p><a class=\"cta\" href=\"#\">Solicitud de Cotizaci\u00f3n<\/a><\/p>\n<p><img loading=\"lazy\" decoding=\"async\" class=\"size-full wp-image-870 alignright\" src=\"https:\/\/flexstorinc.com\/wp-content\/uploads\/2018\/08\/flexstor_medium.jpg\" alt=\"\" width=\"480\" height=\"372\" srcset=\"https:\/\/flexstorinc.com\/wp-content\/uploads\/2018\/08\/flexstor_medium.jpg 480w, https:\/\/flexstorinc.com\/wp-content\/uploads\/2018\/08\/flexstor_medium-300x233.jpg 300w\" sizes=\"auto, (max-width: 480px) 100vw, 480px\" \/><\/p>\n<p id=\"flexpaks\"><span class=\"mblue\">Caracter\u00edsticas del Sistema<\/span> <span class=\"small\"><span class='txt-logo'><strong>F<\/strong>lex<strong>S<\/strong>tor<sup>TM<\/sup><\/span><\/span><\/p>\n<ul>\n<li>Almacena las camisas en posici\u00f3n vertical para evitar que la gravedad les haga perder la forma<\/li>\n<li>Acomoda el m\u00e1ximo n\u00famero de camisas almacenadas por unidad de superficie.<\/li>\n<li>Almacena las camisas dentro de robustos estantes que las protegen.<\/li>\n<li>Hay s\u00f3lo dos filas de camisas por nivel y por lo tanto todas las camisas son f\u00e1cilmente accesibles e identificables.<\/li>\n<\/ul>\n<p><span class='txt-logo'><strong>F<\/strong>lex<strong>S<\/strong>tand<sup>TM<\/sup><\/span> y <span class='txt-logo'><strong>F<\/strong>lex<strong>S<\/strong>tor<sup>TM<\/sup><\/span> Los sistemas y accesorios de almacenaje de camisa se distribuyen por <a class=\"external\" href=\"http:\/\/flexessentials.ca\" target=\"_blank\" rel=\"nofollow noopener\">Flex Essentials Inc<\/a>.<\/p>\n","protected":false},"excerpt":{"rendered":"<p>Tenga en cuenta: Flex Essentials Inc. puede aceptar citas solamente en Ingl\u00e9s en este momento. Pedimos disculpas por cualquier inconveniente que esto pueda causar. Por favor, visite FlexStor.ca y llene una solicitud de cotizaci\u00f3n seg\u00fan sus necesidades. Solicitud de Cotizaci\u00f3n Caracter\u00edsticas del Sistema Almacena las camisas en posici\u00f3n vertical para evitar que la gravedad les [&hellip;]<\/p>\n","protected":false},"author":5,"featured_media":0,"parent":0,"menu_order":0,"comment_status":"closed","ping_status":"closed","template":"page-templates\/innerpage.php","meta":{"_acf_changed":false,"footnotes":""},"class_list":["post-1077","page","type-page","status-publish","hentry"],"acf":[],"yoast_head":"<!-- This site is optimized with the Yoast SEO plugin v27.4 - https:\/\/yoast.com\/product\/yoast-seo-wordpress\/ -->\n<title>Solicitar Cotizaci\u00f3n - Almacenaje de la camisa<\/title>\n<meta name=\"description\" content=\"Solicitar Cotizaci\u00f3n para los sistemas de almacenaje de camisas para la Industria de la impresi\u00f3n offset \/ huecograbado \/ flexogr\u00e1fica\" \/>\n<meta name=\"robots\" content=\"index, follow, max-snippet:-1, max-image-preview:large, max-video-preview:-1\" \/>\n<link rel=\"canonical\" href=\"https:\/\/flexstorinc.com\/sp\/solicitar-cotizacion\/\" \/>\n<meta property=\"og:locale\" content=\"en_US\" \/>\n<meta property=\"og:type\" content=\"article\" \/>\n<meta property=\"og:title\" content=\"Solicitar Cotizaci\u00f3n - Almacenaje de la camisa\" \/>\n<meta property=\"og:description\" content=\"Solicitar Cotizaci\u00f3n para los sistemas de almacenaje de camisas para la Industria de la impresi\u00f3n offset \/ huecograbado \/ flexogr\u00e1fica\" \/>\n<meta property=\"og:url\" content=\"https:\/\/flexstorinc.com\/sp\/solicitar-cotizacion\/\" \/>\n<meta property=\"og:site_name\" content=\"FlexStor\" \/>\n<meta property=\"article:modified_time\" content=\"2021-07-09T11:26:33+00:00\" \/>\n<meta property=\"og:image\" content=\"https:\/\/flexstorinc.com\/wp-content\/uploads\/2018\/08\/flexstor_medium.jpg\" \/>\n<meta name=\"twitter:card\" content=\"summary_large_image\" \/>\n<meta name=\"twitter:label1\" content=\"Est. reading time\" \/>\n\t<meta name=\"twitter:data1\" content=\"1 minute\" \/>\n<script type=\"application\/ld+json\" class=\"yoast-schema-graph\">{\"@context\":\"https:\\\/\\\/schema.org\",\"@graph\":[{\"@type\":\"WebPage\",\"@id\":\"https:\\\/\\\/flexstorinc.com\\\/sp\\\/solicitar-cotizacion\\\/\",\"url\":\"https:\\\/\\\/flexstorinc.com\\\/sp\\\/solicitar-cotizacion\\\/\",\"name\":\"Solicitar Cotizaci\u00f3n - Almacenaje de la camisa\",\"isPartOf\":{\"@id\":\"https:\\\/\\\/flexstorinc.com\\\/fr\\\/#website\"},\"primaryImageOfPage\":{\"@id\":\"https:\\\/\\\/flexstorinc.com\\\/sp\\\/solicitar-cotizacion\\\/#primaryimage\"},\"image\":{\"@id\":\"https:\\\/\\\/flexstorinc.com\\\/sp\\\/solicitar-cotizacion\\\/#primaryimage\"},\"thumbnailUrl\":\"https:\\\/\\\/flexstorinc.com\\\/wp-content\\\/uploads\\\/2018\\\/08\\\/flexstor_medium.jpg\",\"datePublished\":\"2021-05-21T06:48:46+00:00\",\"dateModified\":\"2021-07-09T11:26:33+00:00\",\"description\":\"Solicitar Cotizaci\u00f3n para los sistemas de almacenaje de camisas para la Industria de la impresi\u00f3n offset \\\/ huecograbado \\\/ flexogr\u00e1fica\",\"breadcrumb\":{\"@id\":\"https:\\\/\\\/flexstorinc.com\\\/sp\\\/solicitar-cotizacion\\\/#breadcrumb\"},\"inLanguage\":\"sp-SP\",\"potentialAction\":[{\"@type\":\"ReadAction\",\"target\":[\"https:\\\/\\\/flexstorinc.com\\\/sp\\\/solicitar-cotizacion\\\/\"]}]},{\"@type\":\"ImageObject\",\"inLanguage\":\"sp-SP\",\"@id\":\"https:\\\/\\\/flexstorinc.com\\\/sp\\\/solicitar-cotizacion\\\/#primaryimage\",\"url\":\"https:\\\/\\\/flexstorinc.com\\\/wp-content\\\/uploads\\\/2018\\\/08\\\/flexstor_medium.jpg\",\"contentUrl\":\"https:\\\/\\\/flexstorinc.com\\\/wp-content\\\/uploads\\\/2018\\\/08\\\/flexstor_medium.jpg\"},{\"@type\":\"BreadcrumbList\",\"@id\":\"https:\\\/\\\/flexstorinc.com\\\/sp\\\/solicitar-cotizacion\\\/#breadcrumb\",\"itemListElement\":[{\"@type\":\"ListItem\",\"position\":1,\"name\":\"Home\",\"item\":\"https:\\\/\\\/flexstorinc.com\\\/sp\\\/\"},{\"@type\":\"ListItem\",\"position\":2,\"name\":\"Solicitar Cotizaci\u00f3n\"}]},{\"@type\":\"WebSite\",\"@id\":\"https:\\\/\\\/flexstorinc.com\\\/fr\\\/#website\",\"url\":\"https:\\\/\\\/flexstorinc.com\\\/fr\\\/\",\"name\":\"FlexStor\",\"description\":\"Sleeve Storage Solutions\",\"potentialAction\":[{\"@type\":\"SearchAction\",\"target\":{\"@type\":\"EntryPoint\",\"urlTemplate\":\"https:\\\/\\\/flexstorinc.com\\\/fr\\\/?s={search_term_string}\"},\"query-input\":{\"@type\":\"PropertyValueSpecification\",\"valueRequired\":true,\"valueName\":\"search_term_string\"}}],\"inLanguage\":\"sp-SP\"}]}<\/script>\n<!-- \/ Yoast SEO plugin. -->","yoast_head_json":{"title":"Solicitar Cotizaci\u00f3n - Almacenaje de la camisa","description":"Solicitar Cotizaci\u00f3n para los sistemas de almacenaje de camisas para la Industria de la impresi\u00f3n offset \/ huecograbado \/ flexogr\u00e1fica","robots":{"index":"index","follow":"follow","max-snippet":"max-snippet:-1","max-image-preview":"max-image-preview:large","max-video-preview":"max-video-preview:-1"},"canonical":"https:\/\/flexstorinc.com\/sp\/solicitar-cotizacion\/","og_locale":"en_US","og_type":"article","og_title":"Solicitar Cotizaci\u00f3n - Almacenaje de la camisa","og_description":"Solicitar Cotizaci\u00f3n para los sistemas de almacenaje de camisas para la Industria de la impresi\u00f3n offset \/ huecograbado \/ flexogr\u00e1fica","og_url":"https:\/\/flexstorinc.com\/sp\/solicitar-cotizacion\/","og_site_name":"FlexStor","article_modified_time":"2021-07-09T11:26:33+00:00","og_image":[{"url":"https:\/\/flexstorinc.com\/wp-content\/uploads\/2018\/08\/flexstor_medium.jpg","type":"","width":"","height":""}],"twitter_card":"summary_large_image","twitter_misc":{"Est. reading time":"1 minute"},"schema":{"@context":"https:\/\/schema.org","@graph":[{"@type":"WebPage","@id":"https:\/\/flexstorinc.com\/sp\/solicitar-cotizacion\/","url":"https:\/\/flexstorinc.com\/sp\/solicitar-cotizacion\/","name":"Solicitar Cotizaci\u00f3n - Almacenaje de la camisa","isPartOf":{"@id":"https:\/\/flexstorinc.com\/fr\/#website"},"primaryImageOfPage":{"@id":"https:\/\/flexstorinc.com\/sp\/solicitar-cotizacion\/#primaryimage"},"image":{"@id":"https:\/\/flexstorinc.com\/sp\/solicitar-cotizacion\/#primaryimage"},"thumbnailUrl":"https:\/\/flexstorinc.com\/wp-content\/uploads\/2018\/08\/flexstor_medium.jpg","datePublished":"2021-05-21T06:48:46+00:00","dateModified":"2021-07-09T11:26:33+00:00","description":"Solicitar Cotizaci\u00f3n para los sistemas de almacenaje de camisas para la Industria de la impresi\u00f3n offset \/ huecograbado \/ flexogr\u00e1fica","breadcrumb":{"@id":"https:\/\/flexstorinc.com\/sp\/solicitar-cotizacion\/#breadcrumb"},"inLanguage":"sp-SP","potentialAction":[{"@type":"ReadAction","target":["https:\/\/flexstorinc.com\/sp\/solicitar-cotizacion\/"]}]},{"@type":"ImageObject","inLanguage":"sp-SP","@id":"https:\/\/flexstorinc.com\/sp\/solicitar-cotizacion\/#primaryimage","url":"https:\/\/flexstorinc.com\/wp-content\/uploads\/2018\/08\/flexstor_medium.jpg","contentUrl":"https:\/\/flexstorinc.com\/wp-content\/uploads\/2018\/08\/flexstor_medium.jpg"},{"@type":"BreadcrumbList","@id":"https:\/\/flexstorinc.com\/sp\/solicitar-cotizacion\/#breadcrumb","itemListElement":[{"@type":"ListItem","position":1,"name":"Home","item":"https:\/\/flexstorinc.com\/sp\/"},{"@type":"ListItem","position":2,"name":"Solicitar Cotizaci\u00f3n"}]},{"@type":"WebSite","@id":"https:\/\/flexstorinc.com\/fr\/#website","url":"https:\/\/flexstorinc.com\/fr\/","name":"FlexStor","description":"Sleeve Storage Solutions","potentialAction":[{"@type":"SearchAction","target":{"@type":"EntryPoint","urlTemplate":"https:\/\/flexstorinc.com\/fr\/?s={search_term_string}"},"query-input":{"@type":"PropertyValueSpecification","valueRequired":true,"valueName":"search_term_string"}}],"inLanguage":"sp-SP"}]}},"_links":{"self":[{"href":"https:\/\/flexstorinc.com\/sp\/wp-json\/wp\/v2\/pages\/1077","targetHints":{"allow":["GET"]}}],"collection":[{"href":"https:\/\/flexstorinc.com\/sp\/wp-json\/wp\/v2\/pages"}],"about":[{"href":"https:\/\/flexstorinc.com\/sp\/wp-json\/wp\/v2\/types\/page"}],"author":[{"embeddable":true,"href":"https:\/\/flexstorinc.com\/sp\/wp-json\/wp\/v2\/users\/5"}],"replies":[{"embeddable":true,"href":"https:\/\/flexstorinc.com\/sp\/wp-json\/wp\/v2\/comments?post=1077"}],"version-history":[{"count":0,"href":"https:\/\/flexstorinc.com\/sp\/wp-json\/wp\/v2\/pages\/1077\/revisions"}],"wp:attachment":[{"href":"https:\/\/flexstorinc.com\/sp\/wp-json\/wp\/v2\/media?parent=1077"}],"curies":[{"name":"wp","href":"https:\/\/api.w.org\/{rel}","templated":true}]}}