{"id":741,"date":"2021-05-18T07:05:14","date_gmt":"2021-05-18T11:05:14","guid":{"rendered":"http:\/\/flexstor.mywebpreview.ca\/?page_id=741"},"modified":"2023-01-16T06:28:05","modified_gmt":"2023-01-16T11:28:05","slug":"accessoires-de-stockage-de-manchons","status":"publish","type":"page","link":"https:\/\/flexstorinc.com\/fr\/accessoires-de-stockage-de-manchons\/","title":{"rendered":"Accessoires de stockage de manchons"},"content":{"rendered":"","protected":false},"excerpt":{"rendered":"","protected":false},"author":5,"featured_media":0,"parent":0,"menu_order":0,"comment_status":"closed","ping_status":"closed","template":"page-templates\/accessories.php","meta":{"_acf_changed":false,"footnotes":""},"class_list":["post-741","page","type-page","status-publish","hentry"],"acf":[],"yoast_head":"<!-- This site is optimized with the Yoast SEO plugin v27.4 - https:\/\/yoast.com\/product\/yoast-seo-wordpress\/ -->\n<title>Accessoires de stockage de manchons - FlexStor\u2122 et FlexStand<\/title>\n<meta name=\"description\" content=\"Accessoires de stockage de manchons, Accessoires de rangement, Charrette de manchons d&#039;imprimerie, Charrette de nettoyage, r\u00e2terliers de Chambre de lame Doctor, charrette de puits d&#039;a\u00e9ration, FlexStand fix\u00e9 au sol, rangement de manchons\" \/>\n<meta name=\"robots\" content=\"index, follow, max-snippet:-1, max-image-preview:large, max-video-preview:-1\" \/>\n<link rel=\"canonical\" href=\"https:\/\/flexstorinc.com\/fr\/accessoires-de-stockage-de-manchons\/\" \/>\n<meta property=\"og:locale\" content=\"fr_FR\" \/>\n<meta property=\"og:type\" content=\"article\" \/>\n<meta property=\"og:title\" content=\"Accessoires de stockage de manchons - FlexStor\u2122 et FlexStand\" \/>\n<meta property=\"og:description\" content=\"Accessoires de stockage de manchons, Accessoires de rangement, Charrette de manchons d&#039;imprimerie, Charrette de nettoyage, r\u00e2terliers de Chambre de lame Doctor, charrette de puits d&#039;a\u00e9ration, FlexStand fix\u00e9 au sol, rangement de manchons\" \/>\n<meta property=\"og:url\" content=\"https:\/\/flexstorinc.com\/fr\/accessoires-de-stockage-de-manchons\/\" \/>\n<meta property=\"og:site_name\" content=\"FlexStor\" \/>\n<meta property=\"article:modified_time\" content=\"2023-01-16T11:28:05+00:00\" \/>\n<meta name=\"twitter:card\" content=\"summary_large_image\" \/>\n<script type=\"application\/ld+json\" class=\"yoast-schema-graph\">{\"@context\":\"https:\\\/\\\/schema.org\",\"@graph\":[{\"@type\":\"WebPage\",\"@id\":\"https:\\\/\\\/flexstorinc.com\\\/fr\\\/accessoires-de-stockage-de-manchons\\\/\",\"url\":\"https:\\\/\\\/flexstorinc.com\\\/fr\\\/accessoires-de-stockage-de-manchons\\\/\",\"name\":\"Accessoires de stockage de manchons - FlexStor\u2122 et FlexStand\",\"isPartOf\":{\"@id\":\"https:\\\/\\\/flexstorinc.com\\\/fr\\\/#website\"},\"datePublished\":\"2021-05-18T11:05:14+00:00\",\"dateModified\":\"2023-01-16T11:28:05+00:00\",\"description\":\"Accessoires de stockage de manchons, Accessoires de rangement, Charrette de manchons d'imprimerie, Charrette de nettoyage, r\u00e2terliers de Chambre de lame Doctor, charrette de puits d'a\u00e9ration, FlexStand fix\u00e9 au sol, rangement de manchons\",\"breadcrumb\":{\"@id\":\"https:\\\/\\\/flexstorinc.com\\\/fr\\\/accessoires-de-stockage-de-manchons\\\/#breadcrumb\"},\"inLanguage\":\"fr-FR\",\"potentialAction\":[{\"@type\":\"ReadAction\",\"target\":[\"https:\\\/\\\/flexstorinc.com\\\/fr\\\/accessoires-de-stockage-de-manchons\\\/\"]}]},{\"@type\":\"BreadcrumbList\",\"@id\":\"https:\\\/\\\/flexstorinc.com\\\/fr\\\/accessoires-de-stockage-de-manchons\\\/#breadcrumb\",\"itemListElement\":[{\"@type\":\"ListItem\",\"position\":1,\"name\":\"Home\",\"item\":\"https:\\\/\\\/flexstorinc.com\\\/fr\\\/\"},{\"@type\":\"ListItem\",\"position\":2,\"name\":\"Accessoires de stockage de manchons\"}]},{\"@type\":\"WebSite\",\"@id\":\"https:\\\/\\\/flexstorinc.com\\\/fr\\\/#website\",\"url\":\"https:\\\/\\\/flexstorinc.com\\\/fr\\\/\",\"name\":\"FlexStor\",\"description\":\"Sleeve Storage Solutions\",\"potentialAction\":[{\"@type\":\"SearchAction\",\"target\":{\"@type\":\"EntryPoint\",\"urlTemplate\":\"https:\\\/\\\/flexstorinc.com\\\/fr\\\/?s={search_term_string}\"},\"query-input\":{\"@type\":\"PropertyValueSpecification\",\"valueRequired\":true,\"valueName\":\"search_term_string\"}}],\"inLanguage\":\"fr-FR\"}]}<\/script>\n<!-- \/ Yoast SEO plugin. -->","yoast_head_json":{"title":"Accessoires de stockage de manchons - FlexStor\u2122 et FlexStand","description":"Accessoires de stockage de manchons, Accessoires de rangement, Charrette de manchons d'imprimerie, Charrette de nettoyage, r\u00e2terliers de Chambre de lame Doctor, charrette de puits d'a\u00e9ration, FlexStand fix\u00e9 au sol, rangement de manchons","robots":{"index":"index","follow":"follow","max-snippet":"max-snippet:-1","max-image-preview":"max-image-preview:large","max-video-preview":"max-video-preview:-1"},"canonical":"https:\/\/flexstorinc.com\/fr\/accessoires-de-stockage-de-manchons\/","og_locale":"fr_FR","og_type":"article","og_title":"Accessoires de stockage de manchons - FlexStor\u2122 et FlexStand","og_description":"Accessoires de stockage de manchons, Accessoires de rangement, Charrette de manchons d'imprimerie, Charrette de nettoyage, r\u00e2terliers de Chambre de lame Doctor, charrette de puits d'a\u00e9ration, FlexStand fix\u00e9 au sol, rangement de manchons","og_url":"https:\/\/flexstorinc.com\/fr\/accessoires-de-stockage-de-manchons\/","og_site_name":"FlexStor","article_modified_time":"2023-01-16T11:28:05+00:00","twitter_card":"summary_large_image","schema":{"@context":"https:\/\/schema.org","@graph":[{"@type":"WebPage","@id":"https:\/\/flexstorinc.com\/fr\/accessoires-de-stockage-de-manchons\/","url":"https:\/\/flexstorinc.com\/fr\/accessoires-de-stockage-de-manchons\/","name":"Accessoires de stockage de manchons - FlexStor\u2122 et FlexStand","isPartOf":{"@id":"https:\/\/flexstorinc.com\/fr\/#website"},"datePublished":"2021-05-18T11:05:14+00:00","dateModified":"2023-01-16T11:28:05+00:00","description":"Accessoires de stockage de manchons, Accessoires de rangement, Charrette de manchons d'imprimerie, Charrette de nettoyage, r\u00e2terliers de Chambre de lame Doctor, charrette de puits d'a\u00e9ration, FlexStand fix\u00e9 au sol, rangement de manchons","breadcrumb":{"@id":"https:\/\/flexstorinc.com\/fr\/accessoires-de-stockage-de-manchons\/#breadcrumb"},"inLanguage":"fr-FR","potentialAction":[{"@type":"ReadAction","target":["https:\/\/flexstorinc.com\/fr\/accessoires-de-stockage-de-manchons\/"]}]},{"@type":"BreadcrumbList","@id":"https:\/\/flexstorinc.com\/fr\/accessoires-de-stockage-de-manchons\/#breadcrumb","itemListElement":[{"@type":"ListItem","position":1,"name":"Home","item":"https:\/\/flexstorinc.com\/fr\/"},{"@type":"ListItem","position":2,"name":"Accessoires de stockage de manchons"}]},{"@type":"WebSite","@id":"https:\/\/flexstorinc.com\/fr\/#website","url":"https:\/\/flexstorinc.com\/fr\/","name":"FlexStor","description":"Sleeve Storage Solutions","potentialAction":[{"@type":"SearchAction","target":{"@type":"EntryPoint","urlTemplate":"https:\/\/flexstorinc.com\/fr\/?s={search_term_string}"},"query-input":{"@type":"PropertyValueSpecification","valueRequired":true,"valueName":"search_term_string"}}],"inLanguage":"fr-FR"}]}},"_links":{"self":[{"href":"https:\/\/flexstorinc.com\/fr\/wp-json\/wp\/v2\/pages\/741","targetHints":{"allow":["GET"]}}],"collection":[{"href":"https:\/\/flexstorinc.com\/fr\/wp-json\/wp\/v2\/pages"}],"about":[{"href":"https:\/\/flexstorinc.com\/fr\/wp-json\/wp\/v2\/types\/page"}],"author":[{"embeddable":true,"href":"https:\/\/flexstorinc.com\/fr\/wp-json\/wp\/v2\/users\/5"}],"replies":[{"embeddable":true,"href":"https:\/\/flexstorinc.com\/fr\/wp-json\/wp\/v2\/comments?post=741"}],"version-history":[{"count":0,"href":"https:\/\/flexstorinc.com\/fr\/wp-json\/wp\/v2\/pages\/741\/revisions"}],"wp:attachment":[{"href":"https:\/\/flexstorinc.com\/fr\/wp-json\/wp\/v2\/media?parent=741"}],"curies":[{"name":"wp","href":"https:\/\/api.w.org\/{rel}","templated":true}]}}