{"id":1067,"date":"2021-05-20T11:35:21","date_gmt":"2021-05-20T15:35:21","guid":{"rendered":"https:\/\/flexstor.mywebpreview.ca\/?page_id=1067"},"modified":"2021-07-09T07:18:28","modified_gmt":"2021-07-09T11:18:28","slug":"demandez-un-devis","status":"publish","type":"page","link":"https:\/\/flexstorinc.com\/fr\/demandez-un-devis\/","title":{"rendered":"Demandez un devis \u2013 Stockage de manchons"},"content":{"rendered":"<h2>Veuillez noter:<\/h2>\n<p>Flex Essentials Inc. ne peut qu\u2019accepter des devis en anglais pour le moment. Flex Essentials Inc vous prie d\u2019accepter ses excuses pour l\u2019incomodit\u00e9.\u00a0Veuillez visiter FlexStand.ca pour remplir le formulaire et demander un devis au besoin.<\/p>\n<p><a class=\"cta\">Demandez un devis<\/a><\/p>\n<p><img loading=\"lazy\" decoding=\"async\" class=\"wp-image-869 size-full alignright\" src=\"https:\/\/flexstorinc.com\/wp-content\/uploads\/2018\/08\/flexstor_medium.jpg\" alt=\"\" width=\"480\" height=\"372\" srcset=\"https:\/\/flexstorinc.com\/wp-content\/uploads\/2018\/08\/flexstor_medium.jpg 480w, https:\/\/flexstorinc.com\/wp-content\/uploads\/2018\/08\/flexstor_medium-300x233.jpg 300w\" sizes=\"auto, (max-width: 480px) 100vw, 480px\" \/><\/p>\n<p id=\"flexpaks\"><span class=\"mblue\">Caract\u00e9ristiques du Syst\u00e8me<\/span> <span class='txt-logo'><strong>F<\/strong>lex<strong>S<\/strong>tor<sup>TM<\/sup><\/span>:<\/p>\n<ul>\n<li>Il garde les cylindres verticalement pour que la gravit\u00e9 ne les rende pas ovale<\/li>\n<li>Il a la plus grande capacit\u00e9 de stockage disponible pour une superficie donn\u00e9e par rapport \u00e0 tout autre syst\u00e8me de stockage de cylindre<\/li>\n<li>Il garde les cylindres avec des r\u00e2teliers solides de sorte qu\u2019ils soient prot\u00e9g\u00e9s contre les dommages<\/li>\n<li>Il y a seulement deux rang\u00e9es de cylindre par niveau (et non trois), ce qui rend touts les cylindres facilement accessibles<\/li>\n<\/ul>\n<p>Les solutions et accessoires de stockage de manchons flexo <span class='txt-logo'><strong>F<\/strong>lex<strong>S<\/strong>tand<sup>TM<\/sup><\/span> et <span class='txt-logo'><strong>F<\/strong>lex<strong>S<\/strong>tor<sup>TM<\/sup><\/span> sont distribu\u00e9s par\u00a0<a class=\"external\" href=\"http:\/\/flexessentials.ca\" target=\"_blank\" rel=\"nofollow noopener\">Flex Essentials Inc<\/a>.<\/p>\n","protected":false},"excerpt":{"rendered":"<p>Veuillez noter: Flex Essentials Inc. ne peut qu\u2019accepter des devis en anglais pour le moment. Flex Essentials Inc vous prie d\u2019accepter ses excuses pour l\u2019incomodit\u00e9.\u00a0Veuillez visiter FlexStand.ca pour remplir le formulaire et demander un devis au besoin. Demandez un devis Caract\u00e9ristiques du Syst\u00e8me : Il garde les cylindres verticalement pour que la gravit\u00e9 ne les [&hellip;]<\/p>\n","protected":false},"author":5,"featured_media":0,"parent":0,"menu_order":0,"comment_status":"closed","ping_status":"closed","template":"page-templates\/innerpage.php","meta":{"_acf_changed":false,"footnotes":""},"class_list":["post-1067","page","type-page","status-publish","hentry"],"acf":[],"yoast_head":"<!-- This site is optimized with the Yoast SEO plugin v27.4 - https:\/\/yoast.com\/product\/yoast-seo-wordpress\/ -->\n<title>Demandez un devis - FlexStor et FlexStand<\/title>\n<meta name=\"description\" content=\"Demandez un devis pour syst\u00e8mes de stockage de manchons flexo et accessoires de stockage de manchons pour l&#039;industrie de l&#039;impression flexographique.\" \/>\n<meta name=\"robots\" content=\"index, follow, max-snippet:-1, max-image-preview:large, max-video-preview:-1\" \/>\n<link rel=\"canonical\" href=\"https:\/\/flexstorinc.com\/fr\/demandez-un-devis\/\" \/>\n<meta property=\"og:locale\" content=\"fr_FR\" \/>\n<meta property=\"og:type\" content=\"article\" \/>\n<meta property=\"og:title\" content=\"Demandez un devis - FlexStor et FlexStand\" \/>\n<meta property=\"og:description\" content=\"Demandez un devis pour syst\u00e8mes de stockage de manchons flexo et accessoires de stockage de manchons pour l&#039;industrie de l&#039;impression flexographique.\" \/>\n<meta property=\"og:url\" content=\"https:\/\/flexstorinc.com\/fr\/demandez-un-devis\/\" \/>\n<meta property=\"og:site_name\" content=\"FlexStor\" \/>\n<meta property=\"article:modified_time\" content=\"2021-07-09T11:18:28+00:00\" \/>\n<meta property=\"og:image\" content=\"https:\/\/flexstorinc.com\/wp-content\/uploads\/2018\/08\/flexstor_medium.jpg\" \/>\n<meta name=\"twitter:card\" content=\"summary_large_image\" \/>\n<meta name=\"twitter:label1\" content=\"Dur\u00e9e de lecture estim\u00e9e\" \/>\n\t<meta name=\"twitter:data1\" content=\"1 minute\" \/>\n<script type=\"application\/ld+json\" class=\"yoast-schema-graph\">{\"@context\":\"https:\\\/\\\/schema.org\",\"@graph\":[{\"@type\":\"WebPage\",\"@id\":\"https:\\\/\\\/flexstorinc.com\\\/fr\\\/demandez-un-devis\\\/\",\"url\":\"https:\\\/\\\/flexstorinc.com\\\/fr\\\/demandez-un-devis\\\/\",\"name\":\"Demandez un devis - FlexStor et FlexStand\",\"isPartOf\":{\"@id\":\"https:\\\/\\\/flexstorinc.com\\\/fr\\\/#website\"},\"primaryImageOfPage\":{\"@id\":\"https:\\\/\\\/flexstorinc.com\\\/fr\\\/demandez-un-devis\\\/#primaryimage\"},\"image\":{\"@id\":\"https:\\\/\\\/flexstorinc.com\\\/fr\\\/demandez-un-devis\\\/#primaryimage\"},\"thumbnailUrl\":\"https:\\\/\\\/flexstorinc.com\\\/wp-content\\\/uploads\\\/2018\\\/08\\\/flexstor_medium.jpg\",\"datePublished\":\"2021-05-20T15:35:21+00:00\",\"dateModified\":\"2021-07-09T11:18:28+00:00\",\"description\":\"Demandez un devis pour syst\u00e8mes de stockage de manchons flexo et accessoires de stockage de manchons pour l&#039;industrie de l&#039;impression flexographique.\",\"breadcrumb\":{\"@id\":\"https:\\\/\\\/flexstorinc.com\\\/fr\\\/demandez-un-devis\\\/#breadcrumb\"},\"inLanguage\":\"fr-FR\",\"potentialAction\":[{\"@type\":\"ReadAction\",\"target\":[\"https:\\\/\\\/flexstorinc.com\\\/fr\\\/demandez-un-devis\\\/\"]}]},{\"@type\":\"ImageObject\",\"inLanguage\":\"fr-FR\",\"@id\":\"https:\\\/\\\/flexstorinc.com\\\/fr\\\/demandez-un-devis\\\/#primaryimage\",\"url\":\"https:\\\/\\\/flexstorinc.com\\\/wp-content\\\/uploads\\\/2018\\\/08\\\/flexstor_medium.jpg\",\"contentUrl\":\"https:\\\/\\\/flexstorinc.com\\\/wp-content\\\/uploads\\\/2018\\\/08\\\/flexstor_medium.jpg\"},{\"@type\":\"BreadcrumbList\",\"@id\":\"https:\\\/\\\/flexstorinc.com\\\/fr\\\/demandez-un-devis\\\/#breadcrumb\",\"itemListElement\":[{\"@type\":\"ListItem\",\"position\":1,\"name\":\"Home\",\"item\":\"https:\\\/\\\/flexstorinc.com\\\/fr\\\/\"},{\"@type\":\"ListItem\",\"position\":2,\"name\":\"Demandez un devis \u2013 Stockage de manchons\"}]},{\"@type\":\"WebSite\",\"@id\":\"https:\\\/\\\/flexstorinc.com\\\/fr\\\/#website\",\"url\":\"https:\\\/\\\/flexstorinc.com\\\/fr\\\/\",\"name\":\"FlexStor\",\"description\":\"Sleeve Storage Solutions\",\"potentialAction\":[{\"@type\":\"SearchAction\",\"target\":{\"@type\":\"EntryPoint\",\"urlTemplate\":\"https:\\\/\\\/flexstorinc.com\\\/fr\\\/?s={search_term_string}\"},\"query-input\":{\"@type\":\"PropertyValueSpecification\",\"valueRequired\":true,\"valueName\":\"search_term_string\"}}],\"inLanguage\":\"fr-FR\"}]}<\/script>\n<!-- \/ Yoast SEO plugin. -->","yoast_head_json":{"title":"Demandez un devis - FlexStor et FlexStand","description":"Demandez un devis pour syst\u00e8mes de stockage de manchons flexo et accessoires de stockage de manchons pour l&#039;industrie de l&#039;impression flexographique.","robots":{"index":"index","follow":"follow","max-snippet":"max-snippet:-1","max-image-preview":"max-image-preview:large","max-video-preview":"max-video-preview:-1"},"canonical":"https:\/\/flexstorinc.com\/fr\/demandez-un-devis\/","og_locale":"fr_FR","og_type":"article","og_title":"Demandez un devis - FlexStor et FlexStand","og_description":"Demandez un devis pour syst\u00e8mes de stockage de manchons flexo et accessoires de stockage de manchons pour l&#039;industrie de l&#039;impression flexographique.","og_url":"https:\/\/flexstorinc.com\/fr\/demandez-un-devis\/","og_site_name":"FlexStor","article_modified_time":"2021-07-09T11:18:28+00:00","og_image":[{"url":"https:\/\/flexstorinc.com\/wp-content\/uploads\/2018\/08\/flexstor_medium.jpg","type":"","width":"","height":""}],"twitter_card":"summary_large_image","twitter_misc":{"Dur\u00e9e de lecture estim\u00e9e":"1 minute"},"schema":{"@context":"https:\/\/schema.org","@graph":[{"@type":"WebPage","@id":"https:\/\/flexstorinc.com\/fr\/demandez-un-devis\/","url":"https:\/\/flexstorinc.com\/fr\/demandez-un-devis\/","name":"Demandez un devis - FlexStor et FlexStand","isPartOf":{"@id":"https:\/\/flexstorinc.com\/fr\/#website"},"primaryImageOfPage":{"@id":"https:\/\/flexstorinc.com\/fr\/demandez-un-devis\/#primaryimage"},"image":{"@id":"https:\/\/flexstorinc.com\/fr\/demandez-un-devis\/#primaryimage"},"thumbnailUrl":"https:\/\/flexstorinc.com\/wp-content\/uploads\/2018\/08\/flexstor_medium.jpg","datePublished":"2021-05-20T15:35:21+00:00","dateModified":"2021-07-09T11:18:28+00:00","description":"Demandez un devis pour syst\u00e8mes de stockage de manchons flexo et accessoires de stockage de manchons pour l&#039;industrie de l&#039;impression flexographique.","breadcrumb":{"@id":"https:\/\/flexstorinc.com\/fr\/demandez-un-devis\/#breadcrumb"},"inLanguage":"fr-FR","potentialAction":[{"@type":"ReadAction","target":["https:\/\/flexstorinc.com\/fr\/demandez-un-devis\/"]}]},{"@type":"ImageObject","inLanguage":"fr-FR","@id":"https:\/\/flexstorinc.com\/fr\/demandez-un-devis\/#primaryimage","url":"https:\/\/flexstorinc.com\/wp-content\/uploads\/2018\/08\/flexstor_medium.jpg","contentUrl":"https:\/\/flexstorinc.com\/wp-content\/uploads\/2018\/08\/flexstor_medium.jpg"},{"@type":"BreadcrumbList","@id":"https:\/\/flexstorinc.com\/fr\/demandez-un-devis\/#breadcrumb","itemListElement":[{"@type":"ListItem","position":1,"name":"Home","item":"https:\/\/flexstorinc.com\/fr\/"},{"@type":"ListItem","position":2,"name":"Demandez un devis \u2013 Stockage de manchons"}]},{"@type":"WebSite","@id":"https:\/\/flexstorinc.com\/fr\/#website","url":"https:\/\/flexstorinc.com\/fr\/","name":"FlexStor","description":"Sleeve Storage Solutions","potentialAction":[{"@type":"SearchAction","target":{"@type":"EntryPoint","urlTemplate":"https:\/\/flexstorinc.com\/fr\/?s={search_term_string}"},"query-input":{"@type":"PropertyValueSpecification","valueRequired":true,"valueName":"search_term_string"}}],"inLanguage":"fr-FR"}]}},"_links":{"self":[{"href":"https:\/\/flexstorinc.com\/fr\/wp-json\/wp\/v2\/pages\/1067","targetHints":{"allow":["GET"]}}],"collection":[{"href":"https:\/\/flexstorinc.com\/fr\/wp-json\/wp\/v2\/pages"}],"about":[{"href":"https:\/\/flexstorinc.com\/fr\/wp-json\/wp\/v2\/types\/page"}],"author":[{"embeddable":true,"href":"https:\/\/flexstorinc.com\/fr\/wp-json\/wp\/v2\/users\/5"}],"replies":[{"embeddable":true,"href":"https:\/\/flexstorinc.com\/fr\/wp-json\/wp\/v2\/comments?post=1067"}],"version-history":[{"count":0,"href":"https:\/\/flexstorinc.com\/fr\/wp-json\/wp\/v2\/pages\/1067\/revisions"}],"wp:attachment":[{"href":"https:\/\/flexstorinc.com\/fr\/wp-json\/wp\/v2\/media?parent=1067"}],"curies":[{"name":"wp","href":"https:\/\/api.w.org\/{rel}","templated":true}]}}